{"id":50,"date":"2017-05-12T19:15:29","date_gmt":"2017-05-12T17:15:29","guid":{"rendered":"http:\/\/travelkar33.com\/?page_id=50"},"modified":"2020-05-02T23:49:26","modified_gmt":"2020-05-02T21:49:26","slug":"contact","status":"publish","type":"page","link":"https:\/\/travelkar33.com\/index.php\/contact\/","title":{"rendered":"Contact"},"content":{"rendered":"<h4 style=\"text-align: left;\">Pour tout renseignement compl\u00e9mentaire, n&rsquo;h\u00e9sitez pas \u00e0 me contacter !<\/h4>\n<h3 class=\"aligncenter\" style=\"text-align: center;\"><img loading=\"lazy\" decoding=\"async\" class=\"wp-image-203  aligncenter\" src=\"http:\/\/travelkar33.com\/wp-content\/uploads\/2020\/05\/Capture_d_e\u0301cran_2020-05-02_a\u0300_22-removebg-preview.png\" alt=\"\" width=\"36\" height=\"61\" \/>06 79 74 92 26<\/h3>\n<h3 class=\"aligncenter\" style=\"text-align: center;\"><img loading=\"lazy\" decoding=\"async\" class=\"wp-image-214  aligncenter\" src=\"http:\/\/travelkar33.com\/wp-content\/uploads\/2020\/05\/mails.png\" alt=\"\" width=\"45\" height=\"45\" srcset=\"https:\/\/travelkar33.com\/wp-content\/uploads\/2020\/05\/mails.png 218w, https:\/\/travelkar33.com\/wp-content\/uploads\/2020\/05\/mails-150x150.png 150w\" sizes=\"(max-width: 45px) 100vw, 45px\" \/>fred@travelkar33.com<\/h3>\n<h3 style=\"text-align: center;\"><strong><img loading=\"lazy\" decoding=\"async\" class=\"aligncenter wp-image-165\" src=\"http:\/\/travelkar33.com\/wp-content\/uploads\/2020\/05\/insta.jpg\" alt=\"\" width=\"32\" height=\"32\" srcset=\"https:\/\/travelkar33.com\/wp-content\/uploads\/2020\/05\/insta.jpg 160w, https:\/\/travelkar33.com\/wp-content\/uploads\/2020\/05\/insta-150x150.jpg 150w\" sizes=\"(max-width: 32px) 100vw, 32px\" \/>vtcpassion33<\/strong><\/h3>\n<p><img loading=\"lazy\" decoding=\"async\" class=\"wp-image-160 aligncenter\" src=\"http:\/\/travelkar33.com\/wp-content\/uploads\/2020\/05\/20200502_191220-181x300.png\" alt=\"\" width=\"140\" height=\"232\" srcset=\"https:\/\/travelkar33.com\/wp-content\/uploads\/2020\/05\/20200502_191220-181x300.png 181w, https:\/\/travelkar33.com\/wp-content\/uploads\/2020\/05\/20200502_191220-768x1274.png 768w, https:\/\/travelkar33.com\/wp-content\/uploads\/2020\/05\/20200502_191220-617x1024.png 617w, https:\/\/travelkar33.com\/wp-content\/uploads\/2020\/05\/20200502_191220.png 1312w\" sizes=\"(max-width: 140px) 100vw, 140px\" \/><\/p>\n","protected":false},"excerpt":{"rendered":"<div class=\"mh-excerpt\"><p>Pour tout renseignement compl\u00e9mentaire, n&rsquo;h\u00e9sitez pas \u00e0 me contacter ! 06 79 74 92 26 fred@travelkar33.com vtcpassion33<\/p>\n<\/div>","protected":false},"author":1,"featured_media":94,"parent":0,"menu_order":4,"comment_status":"closed","ping_status":"closed","template":"","meta":{"footnotes":""},"_links":{"self":[{"href":"https:\/\/travelkar33.com\/index.php\/wp-json\/wp\/v2\/pages\/50"}],"collection":[{"href":"https:\/\/travelkar33.com\/index.php\/wp-json\/wp\/v2\/pages"}],"about":[{"href":"https:\/\/travelkar33.com\/index.php\/wp-json\/wp\/v2\/types\/page"}],"author":[{"embeddable":true,"href":"https:\/\/travelkar33.com\/index.php\/wp-json\/wp\/v2\/users\/1"}],"replies":[{"embeddable":true,"href":"https:\/\/travelkar33.com\/index.php\/wp-json\/wp\/v2\/comments?post=50"}],"version-history":[{"count":12,"href":"https:\/\/travelkar33.com\/index.php\/wp-json\/wp\/v2\/pages\/50\/revisions"}],"predecessor-version":[{"id":217,"href":"https:\/\/travelkar33.com\/index.php\/wp-json\/wp\/v2\/pages\/50\/revisions\/217"}],"wp:featuredmedia":[{"embeddable":true,"href":"https:\/\/travelkar33.com\/index.php\/wp-json\/wp\/v2\/media\/94"}],"wp:attachment":[{"href":"https:\/\/travelkar33.com\/index.php\/wp-json\/wp\/v2\/media?parent=50"}],"curies":[{"name":"wp","href":"https:\/\/api.w.org\/{rel}","templated":true}]}}