{"id":40,"date":"2017-05-12T19:10:36","date_gmt":"2017-05-12T17:10:36","guid":{"rendered":"http:\/\/travelkar33.com\/?page_id=40"},"modified":"2020-05-02T23:02:47","modified_gmt":"2020-05-02T21:02:47","slug":"tarifs","status":"publish","type":"page","link":"https:\/\/travelkar33.com\/index.php\/tarifs\/","title":{"rendered":"Partenariats"},"content":{"rendered":"<p>Au fil de ces trois derni\u00e8res ann\u00e9es, j&rsquo;ai pu nouer de solides liens avec diff\u00e9rents partenaires r\u00e9gionaux et vous proposer ainsi des prestations avec les partenaires suivants :<\/p>\n<p>\u2192 H\u00e9bergements &amp; \u00e9v\u00e9nements priv\u00e9s : <a href=\"https:\/\/champcenetz.com\/\"><strong>Ch\u00e2teau Champcenetz<\/strong><\/a> et <a href=\"https:\/\/domaine-de-millanges.com\/\"><strong>Domaine de Millanges<\/strong><\/a><\/p>\n<p>\u2192 Detailing (embellissement et valorisation de v\u00e9hicules) : <a href=\"http:\/\/www.exclusive-detailing.fr\/\"><strong>Exclusive Detailing<\/strong><\/a><\/p>\n\n\n<p><\/p>\n","protected":false},"excerpt":{"rendered":"<div class=\"mh-excerpt\"><p>Au fil de ces trois derni\u00e8res ann\u00e9es, j&rsquo;ai pu nouer de solides liens avec diff\u00e9rents partenaires r\u00e9gionaux et vous proposer ainsi des prestations avec les <a class=\"mh-excerpt-more\" href=\"https:\/\/travelkar33.com\/index.php\/tarifs\/\" title=\"Partenariats\">[&#8230;]<\/a><\/p>\n<\/div>","protected":false},"author":1,"featured_media":0,"parent":0,"menu_order":2,"comment_status":"closed","ping_status":"closed","template":"","meta":{"footnotes":""},"_links":{"self":[{"href":"https:\/\/travelkar33.com\/index.php\/wp-json\/wp\/v2\/pages\/40"}],"collection":[{"href":"https:\/\/travelkar33.com\/index.php\/wp-json\/wp\/v2\/pages"}],"about":[{"href":"https:\/\/travelkar33.com\/index.php\/wp-json\/wp\/v2\/types\/page"}],"author":[{"embeddable":true,"href":"https:\/\/travelkar33.com\/index.php\/wp-json\/wp\/v2\/users\/1"}],"replies":[{"embeddable":true,"href":"https:\/\/travelkar33.com\/index.php\/wp-json\/wp\/v2\/comments?post=40"}],"version-history":[{"count":12,"href":"https:\/\/travelkar33.com\/index.php\/wp-json\/wp\/v2\/pages\/40\/revisions"}],"predecessor-version":[{"id":201,"href":"https:\/\/travelkar33.com\/index.php\/wp-json\/wp\/v2\/pages\/40\/revisions\/201"}],"wp:attachment":[{"href":"https:\/\/travelkar33.com\/index.php\/wp-json\/wp\/v2\/media?parent=40"}],"curies":[{"name":"wp","href":"https:\/\/api.w.org\/{rel}","templated":true}]}}